{"id":2278,"date":"2019-04-15T15:43:41","date_gmt":"2019-04-15T13:43:41","guid":{"rendered":"https:\/\/www.villa-catleya.com\/contact\/"},"modified":"2020-06-10T11:02:34","modified_gmt":"2020-06-10T09:02:34","slug":"contact","status":"publish","type":"page","link":"https:\/\/www.villa-catleya.com\/en\/contact\/","title":{"rendered":"Contact"},"content":{"rendered":"<p><div class=\"fusion-fullwidth fullwidth-box fusion-builder-row-1 nonhundred-percent-fullwidth non-hundred-percent-height-scrolling\" style=\"--awb-background-position:left top;--awb-border-radius-top-left:0px;--awb-border-radius-top-right:0px;--awb-border-radius-bottom-right:0px;--awb-border-radius-bottom-left:0px;--awb-padding-top:0px;--awb-padding-bottom:75px;--awb-border-sizes-top:0px;--awb-border-sizes-bottom:0px;--awb-flex-wrap:wrap;\" ><div class=\"fusion-builder-row fusion-row\"><div class=\"fusion-layout-column fusion_builder_column fusion-builder-column-0 fusion_builder_column_1_2 1_2 fusion-one-half fusion-column-first\" style=\"--awb-bg-size:cover;width:48%; margin-right: 4%;\"><div class=\"fusion-column-wrapper fusion-flex-column-wrapper-legacy\"><div class=\"fusion-text fusion-text-1\"><p style=\"text-align: left;\">Book your next vacation!<\/p>\n<h2 style=\"text-align: left;\">Contact Information<\/h2>\n<\/div><div class=\"fusion-sep-clear\"><\/div><div class=\"fusion-separator fusion-clearfix\" style=\"float:left;margin-top:0px;margin-bottom:20px;width:100%;max-width:50px;\"><div class=\"fusion-separator-border sep-single sep-solid\" style=\"--awb-height:20px;--awb-amount:20px;--awb-sep-color:#1798a9;border-color:#1798a9;border-top-width:1px;\"><\/div><\/div><div class=\"fusion-sep-clear\"><\/div><div class=\"fusion-text fusion-text-2\"><p>We are ready to welcome you.<\/p>\n<p style=\"text-align: left;\">Book your stay now!<\/p>\n<p>For more information about our services, <a href=\"https:\/\/www.villa-catleya.com\/hotel-a-saint-raphael\/\" target=\"_blank\" rel=\"noopener noreferrer\">click here<\/a>.<\/p>\n<p>Remember to check the availability of our suites in <a href=\"https:\/\/www.varmatin.com\/ville\/st-raphael\" target=\"_blank\" rel=\"noopener noreferrer\">Saint-Rapha\u00ebl.<\/a><\/p>\n<\/div><div class=\"fusion-sep-clear\"><\/div><div class=\"fusion-separator fusion-full-width-sep\" style=\"margin-left: auto;margin-right: auto;margin-top:12px;width:100%;\"><\/div><div class=\"fusion-sep-clear\"><\/div><div class=\"fusion-alignleft\"><a class=\"fusion-button button-flat fusion-button-default-size button-default fusion-button-default button-1 fusion-button-default-span \" style=\"--button-border-radius-top-left:0;--button-border-radius-top-right:0;--button-border-radius-bottom-right:0;--button-border-radius-bottom-left:0;\" target=\"_self\" href=\"http:\/\/www.villa-catleya.com\/reservation\/\"><span class=\"fusion-button-text awb-button__text awb-button__text--default fusion-button-text-right\">check the availability<span class=\"Apple-converted-space\">\u00a0<\/span> <\/span><span class=\"fusion-button-icon-divider button-icon-divider-right\"><i class=\"fa-angle-right fas awb-button__icon awb-button__icon--default\" aria-hidden=\"true\"><\/i><\/span><\/a><\/div><div class=\"fusion-sep-clear\"><\/div><div class=\"fusion-separator fusion-full-width-sep\" style=\"margin-left: auto;margin-right: auto;margin-top:50px;width:100%;\"><\/div><div class=\"fusion-sep-clear\"><\/div><div class=\"fusion-clearfix\"><\/div><\/div><\/div><div class=\"fusion-layout-column fusion_builder_column fusion-builder-column-1 fusion_builder_column_1_2 1_2 fusion-one-half fusion-column-last\" style=\"--awb-padding-top:40px;--awb-padding-right:40px;--awb-padding-bottom:40px;--awb-padding-left:40px;--awb-bg-color:#ffffff;--awb-bg-color-hover:#ffffff;--awb-bg-size:cover;--awb-border-color:#ebeef1;--awb-border-top:1px;--awb-border-right:1px;--awb-border-bottom:1px;--awb-border-left:1px;--awb-border-style:solid;width:48%;\"><div class=\"fusion-column-wrapper fusion-flex-column-wrapper-legacy\"><div class=\"fusion-image-element in-legacy-container\" style=\"--awb-liftup-border-radius:0px;--awb-caption-title-font-family:var(--h2_typography-font-family);--awb-caption-title-font-weight:var(--h2_typography-font-weight);--awb-caption-title-font-style:var(--h2_typography-font-style);--awb-caption-title-size:var(--h2_typography-font-size);--awb-caption-title-transform:var(--h2_typography-text-transform);--awb-caption-title-line-height:var(--h2_typography-line-height);--awb-caption-title-letter-spacing:var(--h2_typography-letter-spacing);\"><div class=\"awb-image-frame awb-image-frame-1 imageframe-liftup\"><span class=\" fusion-imageframe imageframe-dropshadow imageframe-1\" style=\"border:13px solid #ffffff;-webkit-box-shadow: 3px 3px 7px rgba(0,0,0,0.3);box-shadow: 3px 3px 7px rgba(0,0,0,0.3);\"><a href=\"https:\/\/www.villa-catleya.com\/wp-content\/uploads\/2015\/04\/Appart-hotel-saint-raphael-83000.jpg\" class=\"fusion-lightbox\" data-rel=\"iLightbox[3543fd070d26c3f7e47]\" data-title=\"Appart-hotel-saint-raphael-83000\" title=\"Appart-hotel-saint-raphael-83000\"><img decoding=\"async\" width=\"1000\" height=\"667\" alt=\"contact\" src=\"https:\/\/www.villa-catleya.com\/wp-content\/uploads\/2015\/04\/Appart-hotel-saint-raphael-83000.jpg\" class=\"img-responsive wp-image-2318\" srcset=\"https:\/\/www.villa-catleya.com\/wp-content\/uploads\/2015\/04\/Appart-hotel-saint-raphael-83000-200x133.jpg 200w, https:\/\/www.villa-catleya.com\/wp-content\/uploads\/2015\/04\/Appart-hotel-saint-raphael-83000-400x267.jpg 400w, https:\/\/www.villa-catleya.com\/wp-content\/uploads\/2015\/04\/Appart-hotel-saint-raphael-83000-600x400.jpg 600w, https:\/\/www.villa-catleya.com\/wp-content\/uploads\/2015\/04\/Appart-hotel-saint-raphael-83000-800x534.jpg 800w, https:\/\/www.villa-catleya.com\/wp-content\/uploads\/2015\/04\/Appart-hotel-saint-raphael-83000.jpg 1000w\" sizes=\"(max-width: 1070px) 100vw, 600px\" \/><\/a><\/span><\/div><\/div><div class=\"fusion-clearfix\"><\/div><\/div><\/div><div class=\"fusion-layout-column fusion_builder_column fusion-builder-column-2 fusion_builder_column_1_1 1_1 fusion-one-full fusion-column-first fusion-column-last fusion-column-inner-bg-wrapper\" style=\"--awb-inner-bg-size:cover;\"><span class=\"fusion-column-inner-bg hover-type-none\"><a class=\"fusion-column-anchor\" href=\"http:\/\/Contact\"><span class=\"fusion-column-inner-bg-image\"><\/span><\/a><\/span><div class=\"fusion-column-wrapper fusion-flex-column-wrapper-legacy\"><div class=\"fusion-clearfix\"><\/div><\/div><\/div><\/div><\/div><div class=\"fusion-fullwidth fullwidth-box fusion-builder-row-2 nonhundred-percent-fullwidth non-hundred-percent-height-scrolling\" style=\"--awb-background-position:left top;--awb-border-radius-top-left:0px;--awb-border-radius-top-right:0px;--awb-border-radius-bottom-right:0px;--awb-border-radius-bottom-left:0px;--awb-padding-top:0px;--awb-padding-bottom:55px;--awb-background-color:#f4f6f8;--awb-border-sizes-top:0px;--awb-border-sizes-bottom:0px;--awb-flex-wrap:wrap;\" ><div class=\"fusion-builder-row fusion-row\"><div class=\"fusion-layout-column fusion_builder_column fusion-builder-column-3 fusion_builder_column_1_1 1_1 fusion-one-full fusion-column-first fusion-column-last fusion-column-no-min-height\" style=\"--awb-bg-size:cover;--awb-margin-bottom:0px;\"><div class=\"fusion-column-wrapper fusion-flex-column-wrapper-legacy\"><div class=\"fusion-image-element fusion-image-align-center in-legacy-container\" style=\"text-align:center;--awb-caption-title-font-family:var(--h2_typography-font-family);--awb-caption-title-font-weight:var(--h2_typography-font-weight);--awb-caption-title-font-style:var(--h2_typography-font-style);--awb-caption-title-size:var(--h2_typography-font-size);--awb-caption-title-transform:var(--h2_typography-text-transform);--awb-caption-title-line-height:var(--h2_typography-line-height);--awb-caption-title-letter-spacing:var(--h2_typography-letter-spacing);\"><div class=\"imageframe-align-center\"><span class=\" fusion-imageframe imageframe-none imageframe-2 hover-type-none\"><img decoding=\"async\" src=\"http:\/\/www.villa-catleya.com\/wp-content\/uploads\/2015\/01\/flowers_top.png\" alt class=\"img-responsive\"\/><\/span><\/div><\/div><div class=\"fusion-sep-clear\"><\/div><div class=\"fusion-separator fusion-full-width-sep\" style=\"margin-left: auto;margin-right: auto;margin-top:30px;margin-bottom:30px;width:100%;\"><\/div><div class=\"fusion-sep-clear\"><\/div><div class=\"fusion-clearfix\"><\/div><\/div><\/div><div class=\"fusion-layout-column fusion_builder_column fusion-builder-column-4 fusion_builder_column_1_1 1_1 fusion-one-full fusion-column-first fusion-column-last fusion-column-no-min-height\" style=\"--awb-bg-size:cover;--awb-margin-bottom:0px;\"><div class=\"fusion-column-wrapper fusion-flex-column-wrapper-legacy\">\n<div class=\"wpcf7 no-js\" id=\"wpcf7-f2277-o1\" lang=\"fr-FR\" dir=\"ltr\" data-wpcf7-id=\"2277\">\n<div class=\"screen-reader-response\"><p role=\"status\" aria-live=\"polite\" aria-atomic=\"true\"><\/p> <ul><\/ul><\/div>\n<form action=\"\/en\/wp-json\/wp\/v2\/pages\/2278#wpcf7-f2277-o1\" method=\"post\" class=\"wpcf7-form init\" aria-label=\"Formulaire de contact\" novalidate=\"novalidate\" data-status=\"init\">\n<fieldset class=\"hidden-fields-container\"><input type=\"hidden\" name=\"_wpcf7\" value=\"2277\" \/><input type=\"hidden\" name=\"_wpcf7_version\" value=\"6.1.5\" \/><input type=\"hidden\" name=\"_wpcf7_locale\" value=\"fr_FR\" \/><input type=\"hidden\" name=\"_wpcf7_unit_tag\" value=\"wpcf7-f2277-o1\" \/><input type=\"hidden\" name=\"_wpcf7_container_post\" value=\"0\" \/><input type=\"hidden\" name=\"_wpcf7_posted_data_hash\" value=\"\" \/><input type=\"hidden\" name=\"_wpcf7_recaptcha_response\" value=\"\" \/>\n<\/fieldset>\n<div class=\"fusion-one-third fusion-layout-column fusion-spacing-yes\">\n\t<p><label> Votre nom <span class=\"wpcf7-form-control-wrap\" data-name=\"your-name\"><input size=\"40\" maxlength=\"400\" class=\"wpcf7-form-control wpcf7-text wpcf7-validates-as-required\" aria-required=\"true\" aria-invalid=\"false\" value=\"\" type=\"text\" name=\"your-name\" \/><\/span> <\/label>\n\t<\/p>\n<\/div>\n<div class=\"fusion-one-third fusion-layout-column fusion-spacing-yes\">\n\t<p><label> Email <span class=\"wpcf7-form-control-wrap\" data-name=\"your-email\"><input size=\"40\" maxlength=\"400\" class=\"wpcf7-form-control wpcf7-email wpcf7-validates-as-required wpcf7-text wpcf7-validates-as-email\" aria-required=\"true\" aria-invalid=\"false\" value=\"\" type=\"email\" name=\"your-email\" \/><\/span><\/label>\n\t<\/p>\n<\/div>\n<div class=\"fusion-one-third fusion-layout-column fusion-column-last fusion-spacing-yes\">\n\t<p><label>Sujet<span class=\"wpcf7-form-control-wrap\" data-name=\"your-subject\"><input size=\"40\" maxlength=\"400\" class=\"wpcf7-form-control wpcf7-text wpcf7-validates-as-required\" aria-required=\"true\" aria-invalid=\"false\" value=\"\" type=\"text\" name=\"your-subject\" \/><\/span><\/label>\n\t<\/p>\n<\/div>\n<div class=\"fusion-one-half fusion-layout-column fusion-spacing-yes\">\n\t<p><label>Choisir la suite<span class=\"wpcf7-form-control-wrap\" data-name=\"menu-962\"><select class=\"wpcf7-form-control wpcf7-select\" aria-invalid=\"false\" name=\"menu-962\"><option value=\"Prestige\">Prestige<\/option><option value=\"El\u00e9gance\">El\u00e9gance<\/option><\/select><\/span><\/label>\n\t<\/p>\n<\/div>\n<div class=\"fusion-one-half fusion-layout-column fusion-spacing-yes\">\n\t<p><label>Votre message <span class=\"wpcf7-form-control-wrap\" data-name=\"your-message\"><textarea cols=\"40\" rows=\"10\" maxlength=\"2000\" class=\"wpcf7-form-control wpcf7-textarea\" aria-invalid=\"false\" name=\"your-message\"><\/textarea><\/span><\/label>\n\t<\/p>\n\t<p><input class=\"wpcf7-form-control wpcf7-submit has-spinner\" type=\"submit\" value=\"Envoyer\" \/>\n\t<\/p>\n<\/div><div class=\"fusion-alert alert custom alert-custom fusion-alert-center wpcf7-response-output fusion-alert-capitalize awb-alert-native-link-color alert-dismissable awb-alert-close-boxed\" style=\"--awb-border-size:1px;--awb-border-top-left-radius:0px;--awb-border-top-right-radius:0px;--awb-border-bottom-left-radius:0px;--awb-border-bottom-right-radius:0px;\" role=\"alert\"><div class=\"fusion-alert-content-wrapper\"><span class=\"fusion-alert-content\"><\/span><\/div><button type=\"button\" class=\"close toggle-alert\" data-dismiss=\"alert\" aria-label=\"Close\">&times;<\/button><\/div>\n<\/form>\n<\/div>\n<div class=\"fusion-clearfix\"><\/div><\/div><\/div><\/div><\/div><div class=\"fusion-fullwidth fullwidth-box fusion-builder-row-3 nonhundred-percent-fullwidth non-hundred-percent-height-scrolling\" style=\"--awb-background-position:left top;--awb-border-radius-top-left:0px;--awb-border-radius-top-right:0px;--awb-border-radius-bottom-right:0px;--awb-border-radius-bottom-left:0px;--awb-padding-top:70px;--awb-padding-bottom:40px;--awb-border-sizes-top:0px;--awb-border-sizes-bottom:0px;--awb-flex-wrap:wrap;\" ><div class=\"fusion-builder-row fusion-row\"><div class=\"fusion-layout-column fusion_builder_column fusion-builder-column-5 fusion_builder_column_1_1 1_1 fusion-one-full fusion-column-first fusion-column-last fusion-column-no-min-height\" style=\"--awb-bg-size:cover;--awb-margin-bottom:0px;\"><div class=\"fusion-column-wrapper fusion-flex-column-wrapper-legacy\"><div class=\"fusion-flip-boxes flip-boxes row fusion-columns-3 flip-effect-classic\"><div class=\"fusion-flip-box-wrapper fusion-column col-lg-4 col-md-4 col-sm-4\"><div class=\"fusion-flip-box flip-right\" tabindex=\"0\"><div class=\"flip-box-inner-wrapper\"><div class=\"flip-box-front\" style=\"--awb-icon-color:#1798a9;--awb-border-size:1px;--awb-border-radius:4px;\"><div class=\"flip-box-front-inner\"><div class=\"flip-box-grafix flip-box-no-circle\"><i aria-hidden=\"true\" class=\"fa-map-marker-alt fas\"><\/i><\/div><h2 class=\"flip-box-heading\">La Villa Catleya<\/h2>Hotel apartment with luxury suites<\/div><\/div><div class=\"flip-box-back\" style=\"--awb-icon-color:#1798a9;--awb-border-size:1px;--awb-border-radius:4px;\"><div class=\"flip-box-back-inner\"><h3 class=\"flip-box-heading-back\">Address<\/h3>\n<p>473 Boulevard Raymond Poincar\u00e9\u00a083700\u00a0Saint Raphael<\/p>\n<div class=\"fusion-button-wrapper\"><a class=\"fusion-button button-flat button-large button-custom fusion-button-default button-2 fusion-button-default-span \" style=\"--button_accent_color:#171717;--button_accent_hover_color:#171717;--button_border_hover_color:#171717;--button_border_width-top:0px;--button_border_width-right:0px;--button_border_width-bottom:0px;--button_border_width-left:0px;--button-border-radius-top-left:0px;--button-border-radius-top-right:0px;--button-border-radius-bottom-right:0px;--button-border-radius-bottom-left:0px;--button_gradient_top_color:rgba(255,255,255,.25);--button_gradient_bottom_color:rgba(255,255,255,.25);--button_gradient_top_color_hover:rgba(255,255,255,.45);--button_gradient_bottom_color_hover:rgba(255,255,255,.45);\" target=\"_self\" href=\"mailto:reservation@villa-catleya.com\"><span class=\"fusion-button-text awb-button__text awb-button__text--default\">More information about the villa<\/span><\/a><\/div>\n<\/div><\/div><\/div><\/div><\/div><div class=\"fusion-flip-box-wrapper fusion-column col-lg-4 col-md-4 col-sm-4\"><div class=\"fusion-flip-box flip-right\" tabindex=\"0\"><div class=\"flip-box-inner-wrapper\"><div class=\"flip-box-front\" style=\"--awb-icon-color:#1798a9;--awb-border-size:1px;--awb-border-radius:4px;\"><div class=\"flip-box-front-inner\"><div class=\"flip-box-grafix flip-box-no-circle\"><i aria-hidden=\"true\" class=\"fa-phone fas\"><\/i><\/div><h2 class=\"flip-box-heading\">Telephone number<\/h2>We are open and we welcome you from Monday to Friday<\/div><\/div><div class=\"flip-box-back\" style=\"--awb-icon-color:#1798a9;--awb-border-size:1px;--awb-border-radius:4px;\"><div class=\"flip-box-back-inner\"><h3 class=\"flip-box-heading-back\">Call us <\/h3>\n<p>Opening time :\u00a08h-10 \/ 14h-18h<\/p>\n<p><a href=\"tel:+33766568140\">0766568140 <\/a>ou<a href=\"tel: 0781675609\"><span class=\"Apple-converted-space\">\u00a0<\/span>0781675609<\/a><span class=\"Apple-converted-space\">\u00a0<\/span><\/p>\n<\/div><\/div><\/div><\/div><\/div><div class=\"fusion-flip-box-wrapper fusion-column col-lg-4 col-md-4 col-sm-4\"><div class=\"fusion-flip-box flip-right\" tabindex=\"0\"><div class=\"flip-box-inner-wrapper\"><div class=\"flip-box-front\" style=\"--awb-icon-color:#1798a9;--awb-border-size:1px;--awb-border-radius:4px;\"><div class=\"flip-box-front-inner\"><div class=\"flip-box-grafix flip-box-no-circle\"><i aria-hidden=\"true\" class=\"fa-envelope far\"><\/i><\/div><h2 class=\"flip-box-heading\">By Mail<\/h2>We will answer you as soon as possible.<\/div><\/div><div class=\"flip-box-back\" style=\"--awb-icon-color:#1798a9;--awb-border-size:1px;--awb-border-radius:4px;\"><div class=\"flip-box-back-inner\"><h3 class=\"flip-box-heading-back\">See you soon<\/h3>\n<p>reservation@villa-catleya.com<div class=\"fusion-button-wrapper\"><a class=\"fusion-button button-flat button-large button-custom fusion-button-default button-3 fusion-button-default-span \" style=\"--button_accent_color:#171717;--button_accent_hover_color:#171717;--button_border_hover_color:#171717;--button_border_width-top:0px;--button_border_width-right:0px;--button_border_width-bottom:0px;--button_border_width-left:0px;--button-border-radius-top-left:0px;--button-border-radius-top-right:0px;--button-border-radius-bottom-right:0px;--button-border-radius-bottom-left:0px;--button_gradient_top_color:rgba(255,255,255,.25);--button_gradient_bottom_color:rgba(255,255,255,.25);--button_gradient_top_color_hover:rgba(255,255,255,.45);--button_gradient_bottom_color_hover:rgba(255,255,255,.45);\" target=\"_self\" href=\"mailto: reservation@villa-catleya.com\"><span class=\"fusion-button-text awb-button__text awb-button__text--default\">Send a email<\/span><\/a><\/div>\n<\/div><\/div><\/div><\/div><\/div><\/div><div class=\"clearfix\"><\/div><div class=\"fusion-clearfix\"><\/div><\/div><\/div><\/div><\/div><div class=\"fusion-fullwidth fullwidth-box fusion-builder-row-4 hundred-percent-fullwidth non-hundred-percent-height-scrolling\" style=\"--awb-background-position:left top;--awb-border-radius-top-left:0px;--awb-border-radius-top-right:0px;--awb-border-radius-bottom-right:0px;--awb-border-radius-bottom-left:0px;--awb-padding-top:0px;--awb-padding-right:0px;--awb-padding-bottom:0px;--awb-padding-left:0px;--awb-border-sizes-top:0px;--awb-border-sizes-bottom:0px;--awb-flex-wrap:wrap;\" ><div class=\"fusion-builder-row fusion-row\"><div class=\"fusion-layout-column fusion_builder_column fusion-builder-column-6 fusion_builder_column_1_1 1_1 fusion-one-full fusion-column-first fusion-column-last fusion-column-no-min-height\" style=\"--awb-bg-size:cover;--awb-margin-bottom:0px;\"><div class=\"fusion-column-wrapper fusion-flex-column-wrapper-legacy\"><style>\r\n    .google-maps {\r\n        position: relative;\r\n        padding-bottom: 35%; \r\n        height: 0;\r\n        overflow: hidden;\r\n    }\r\n    .google-maps iframe {\r\n        position: absolute;\r\n        top: 0;\r\n        left: 0;\r\n        width: 100% !important;\r\n        height: 100% !important;\r\n    }\r\n<\/style>\r\n\r\n<div class=\"google-maps\">\r\n<iframe src=\"https:\/\/www.google.com\/maps\/embed?pb=!1m18!1m12!1m3!1d2898.2148853142407!2d6.779325116239181!3d43.414336875860144!2m3!1f0!2f0!3f0!3m2!1i1024!2i768!4f13.1!3m3!1m2!1s0x12ce9722cb17bea1:0xcda7ded3082fa4f7!2sAppart h\u00f4tel \u00e0 Saint-Rapha\u00ebl | Villa Catleya!5e0!3m2!1sfr!2sfr!4v1591779483009!5m2!1sfr!2sfr\" width=\"600\" height=\"450\" frameborder=\"0\" style=\"border:0\"><\/iframe>\r\n<\/div><div class=\"fusion-clearfix\"><\/div><\/div><\/div><\/div><\/div><\/p>\n","protected":false},"excerpt":{"rendered":"","protected":false},"author":1,"featured_media":0,"parent":0,"menu_order":0,"comment_status":"open","ping_status":"closed","template":"100-width.php","meta":{"_monsterinsights_skip_tracking":false,"_monsterinsights_sitenote_active":false,"_monsterinsights_sitenote_note":"","_monsterinsights_sitenote_category":0,"footnotes":""},"class_list":["post-2278","page","type-page","status-publish","hentry"],"_links":{"self":[{"href":"https:\/\/www.villa-catleya.com\/en\/wp-json\/wp\/v2\/pages\/2278","targetHints":{"allow":["GET"]}}],"collection":[{"href":"https:\/\/www.villa-catleya.com\/en\/wp-json\/wp\/v2\/pages"}],"about":[{"href":"https:\/\/www.villa-catleya.com\/en\/wp-json\/wp\/v2\/types\/page"}],"author":[{"embeddable":true,"href":"https:\/\/www.villa-catleya.com\/en\/wp-json\/wp\/v2\/users\/1"}],"replies":[{"embeddable":true,"href":"https:\/\/www.villa-catleya.com\/en\/wp-json\/wp\/v2\/comments?post=2278"}],"version-history":[{"count":6,"href":"https:\/\/www.villa-catleya.com\/en\/wp-json\/wp\/v2\/pages\/2278\/revisions"}],"predecessor-version":[{"id":2735,"href":"https:\/\/www.villa-catleya.com\/en\/wp-json\/wp\/v2\/pages\/2278\/revisions\/2735"}],"wp:attachment":[{"href":"https:\/\/www.villa-catleya.com\/en\/wp-json\/wp\/v2\/media?parent=2278"}],"curies":[{"name":"wp","href":"https:\/\/api.w.org\/{rel}","templated":true}]}}