{"id":2263,"date":"2019-04-15T15:20:28","date_gmt":"2019-04-15T13:20:28","guid":{"rendered":"https:\/\/www.villa-catleya.com\/activities\/"},"modified":"2020-06-10T10:40:08","modified_gmt":"2020-06-10T08:40:08","slug":"activities-saint-raphael","status":"publish","type":"page","link":"https:\/\/www.villa-catleya.com\/en\/activities-saint-raphael\/","title":{"rendered":"Activities"},"content":{"rendered":"<p><div class=\"fusion-fullwidth fullwidth-box fusion-builder-row-1 nonhundred-percent-fullwidth non-hundred-percent-height-scrolling\" style=\"--awb-border-radius-top-left:0px;--awb-border-radius-top-right:0px;--awb-border-radius-bottom-right:0px;--awb-border-radius-bottom-left:0px;--awb-flex-wrap:wrap;\" ><div class=\"fusion-builder-row fusion-row\"><div class=\"fusion-layout-column fusion_builder_column fusion-builder-column-0 fusion_builder_column_1_1 1_1 fusion-one-full fusion-column-first fusion-column-last\" style=\"--awb-bg-size:cover;\"><div class=\"fusion-column-wrapper fusion-flex-column-wrapper-legacy\"><div class=\"fusion-title title fusion-title-1 fusion-title-center fusion-title-text fusion-title-size-two\" style=\"--awb-margin-top-small:0px;--awb-margin-right-small:0px;--awb-margin-bottom-small:20px;--awb-margin-left-small:0px;\"><div class=\"title-sep-container title-sep-container-left\"><div class=\"title-sep sep- sep-solid\" style=\"border-color:#e0dede;\"><\/div><\/div><span class=\"awb-title-spacer\"><\/span><h2 class=\"fusion-title-heading title-heading-center fusion-responsive-typography-calculated\" style=\"margin:0;--fontSize:26;line-height:1.69;\"><p style=\"text-align: center;\">Activities and leisure in Saint-Rapha\u00ebl<\/p><\/h2><span class=\"awb-title-spacer\"><\/span><div class=\"title-sep-container title-sep-container-right\"><div class=\"title-sep sep- sep-solid\" style=\"border-color:#e0dede;\"><\/div><\/div><\/div><div class=\"fusion-sep-clear\"><\/div><div class=\"fusion-separator fusion-full-width-sep\" style=\"margin-left: auto;margin-right: auto;margin-top:12px;width:100%;\"><\/div><div class=\"fusion-sep-clear\"><\/div><div class=\"fusion-text fusion-text-1\"><p><a href=\"https:\/\/www.experiencecotedazur.com\/destination-cote-dazur\/golfe-de-frejus-saint-raphael\/saint-raphael\/\" target=\"_blank\" rel=\"noopener noreferrer\">Saint-Rapha\u00ebl<\/a> is ideally located between the red rocks of the Esterel and the blue sea of the French Riviera. Thanks to its location and the diversity of the surrounding landscapes, the Villa Catleya offers a great diversity of <a href=\"https:\/\/www.experiencecotedazur.com\" target=\"_blank\" rel=\"noopener noreferrer\">leisure activities<\/a> with its partners in Saint-Rapha\u00ebl.<\/p>\n<\/div><div class=\"fusion-clearfix\"><\/div><\/div><\/div><\/div><\/div><div class=\"fusion-fullwidth fullwidth-box fusion-builder-row-2 nonhundred-percent-fullwidth non-hundred-percent-height-scrolling\" style=\"--awb-background-position:center top;--awb-border-radius-top-left:0px;--awb-border-radius-top-right:0px;--awb-border-radius-bottom-right:0px;--awb-border-radius-bottom-left:0px;--awb-padding-top:0px;--awb-padding-bottom:65px;--awb-border-sizes-top:0px;--awb-border-sizes-bottom:0px;--awb-flex-wrap:wrap;\" ><div class=\"fusion-builder-row fusion-row\"><div class=\"fusion-layout-column fusion_builder_column fusion-builder-column-1 fusion_builder_column_1_4 1_4 fusion-one-fourth fusion-column-first\" style=\"--awb-bg-size:cover;width:22%; margin-right: 4%;\"><div class=\"fusion-column-wrapper fusion-flex-column-wrapper-legacy\"><ul style=\"--awb-iconcolor:#cbaa5c;--awb-line-height:23.8px;--awb-icon-width:23.8px;--awb-icon-height:23.8px;--awb-icon-margin:9.8px;--awb-content-margin:33.6px;\" class=\"fusion-checklist fusion-checklist-1 fusion-checklist-default type-icons\"><li class=\"fusion-li-item\" style=\"\"><span class=\"icon-wrapper circle-no\"><i class=\"fusion-li-icon fa-internet-explorer fab\" aria-hidden=\"true\"><\/i><\/span><div class=\"fusion-li-item-content\">\n<p>On-line booking<\/p>\n<\/div><\/li><li class=\"fusion-li-item\" style=\"\"><span class=\"icon-wrapper circle-no\"><i class=\"fusion-li-icon fa-euro-sign fas\" aria-hidden=\"true\"><\/i><\/span><div class=\"fusion-li-item-content\">\n<p>The best prices<\/p>\n<\/div><\/li><\/ul><div class=\"fusion-clearfix\"><\/div><\/div><\/div><div class=\"fusion-layout-column fusion_builder_column fusion-builder-column-2 fusion_builder_column_1_4 1_4 fusion-one-fourth\" style=\"--awb-bg-size:cover;width:22%; margin-right: 4%;\"><div class=\"fusion-column-wrapper fusion-flex-column-wrapper-legacy\"><ul style=\"--awb-iconcolor:#cbaa5c;--awb-line-height:23.8px;--awb-icon-width:23.8px;--awb-icon-height:23.8px;--awb-icon-margin:9.8px;--awb-content-margin:33.6px;\" class=\"fusion-checklist fusion-checklist-2 fusion-checklist-default type-icons\"><li class=\"fusion-li-item\" style=\"\"><span class=\"icon-wrapper circle-no\"><i class=\"fusion-li-icon fa-grin-stars far\" aria-hidden=\"true\"><\/i><\/span><div class=\"fusion-li-item-content\">\n<p>Tested and approved activities<\/p>\n<\/div><\/li><li class=\"fusion-li-item\" style=\"\"><span class=\"icon-wrapper circle-no\"><i class=\"fusion-li-icon fa-thumbs-up far\" aria-hidden=\"true\"><\/i><\/span><div class=\"fusion-li-item-content\">\n<p>Official services of the Tourist Offices<\/p>\n<\/div><\/li><\/ul><div class=\"fusion-clearfix\"><\/div><\/div><\/div><div class=\"fusion-layout-column fusion_builder_column fusion-builder-column-3 fusion_builder_column_1_4 1_4 fusion-one-fourth\" style=\"--awb-bg-size:cover;width:22%; margin-right: 4%;\"><div class=\"fusion-column-wrapper fusion-flex-column-wrapper-legacy\"><ul style=\"--awb-iconcolor:#cbaa5c;--awb-line-height:23.8px;--awb-icon-width:23.8px;--awb-icon-height:23.8px;--awb-icon-margin:9.8px;--awb-content-margin:33.6px;\" class=\"fusion-checklist fusion-checklist-3 fusion-checklist-default type-icons\"><li class=\"fusion-li-item\" style=\"\"><span class=\"icon-wrapper circle-no\"><i class=\"fusion-li-icon fa-address-card far\" aria-hidden=\"true\"><\/i><\/span><div class=\"fusion-li-item-content\">\n<p>Verified customer reviews<\/p>\n<\/div><\/li><li class=\"fusion-li-item\" style=\"\"><span class=\"icon-wrapper circle-no\"><i class=\"fusion-li-icon fa-book-reader fas\" aria-hidden=\"true\"><\/i><\/span><div class=\"fusion-li-item-content\">\n<p>Various activities throughout the French Riviera<\/p>\n<\/div><\/li><\/ul><div class=\"fusion-clearfix\"><\/div><\/div><\/div><div class=\"fusion-layout-column fusion_builder_column fusion-builder-column-4 fusion_builder_column_1_4 1_4 fusion-one-fourth fusion-column-last\" style=\"--awb-bg-size:cover;width:22%;\"><div class=\"fusion-column-wrapper fusion-flex-column-wrapper-legacy\"><ul style=\"--awb-iconcolor:#cbaa5c;--awb-line-height:23.8px;--awb-icon-width:23.8px;--awb-icon-height:23.8px;--awb-icon-margin:9.8px;--awb-content-margin:33.6px;\" class=\"fusion-checklist fusion-checklist-4 fusion-checklist-default type-icons\"><li class=\"fusion-li-item\" style=\"\"><span class=\"icon-wrapper circle-no\"><i class=\"fusion-li-icon fa-handshake far\" aria-hidden=\"true\"><\/i><\/span><div class=\"fusion-li-item-content\">\n<p>100% secure payment<\/p>\n<\/div><\/li><li class=\"fusion-li-item\" style=\"\"><span class=\"icon-wrapper circle-no\"><i class=\"fusion-li-icon fa-grin-alt far\" aria-hidden=\"true\"><\/i><\/span><div class=\"fusion-li-item-content\">\n<p>Sea or mountain, there is something for everyone!<\/p>\n<\/div><\/li><\/ul><div class=\"fusion-clearfix\"><\/div><\/div><\/div><div class=\"fusion-layout-column fusion_builder_column fusion-builder-column-5 fusion_builder_column_1_1 1_1 fusion-one-full fusion-column-first fusion-column-last\" style=\"--awb-bg-size:cover;\"><div class=\"fusion-column-wrapper fusion-column-has-shadow fusion-flex-column-wrapper-legacy\"><div class=\"fusion-image-element in-legacy-container\" style=\"--awb-caption-title-font-family:var(--h2_typography-font-family);--awb-caption-title-font-weight:var(--h2_typography-font-weight);--awb-caption-title-font-style:var(--h2_typography-font-style);--awb-caption-title-size:var(--h2_typography-font-size);--awb-caption-title-transform:var(--h2_typography-text-transform);--awb-caption-title-line-height:var(--h2_typography-line-height);--awb-caption-title-letter-spacing:var(--h2_typography-letter-spacing);\"><span class=\" fusion-imageframe imageframe-none imageframe-1 hover-type-zoomin\"><img decoding=\"async\" width=\"1200\" height=\"675\" title=\"Crazy-monster-cannes\" src=\"https:\/\/www.villa-catleya.com\/wp-content\/uploads\/2019\/04\/Crazy-monster-cannes.jpg\" alt class=\"img-responsive wp-image-2268\" srcset=\"https:\/\/www.villa-catleya.com\/wp-content\/uploads\/2019\/04\/Crazy-monster-cannes-200x113.jpg 200w, https:\/\/www.villa-catleya.com\/wp-content\/uploads\/2019\/04\/Crazy-monster-cannes-400x225.jpg 400w, https:\/\/www.villa-catleya.com\/wp-content\/uploads\/2019\/04\/Crazy-monster-cannes-600x338.jpg 600w, https:\/\/www.villa-catleya.com\/wp-content\/uploads\/2019\/04\/Crazy-monster-cannes-800x450.jpg 800w, https:\/\/www.villa-catleya.com\/wp-content\/uploads\/2019\/04\/Crazy-monster-cannes.jpg 1200w\" sizes=\"(max-width: 1070px) 100vw, 1200px\" \/><\/span><\/div><div class=\"fusion-text fusion-text-2\"><p style=\"text-align: center;\">Are you looking for a thrilling sea trip on an amazing boat?<\/p>\n<p style=\"text-align: center;\">Come and discover the Crazy-Monster! For more info or to book, click <a href=\"https:\/\/www.crazymonster.fr\/\" target=\"_blank\" rel=\"noopener noreferrer\">here<span class=\"Apple-converted-space\">\u00a0<\/span><\/a><\/p>\n<\/div><div class=\"fusion-clearfix\"><\/div><\/div><\/div><\/div><\/div><div class=\"fusion-fullwidth fullwidth-box fusion-builder-row-3 nonhundred-percent-fullwidth non-hundred-percent-height-scrolling\" style=\"--awb-border-radius-top-left:0px;--awb-border-radius-top-right:0px;--awb-border-radius-bottom-right:0px;--awb-border-radius-bottom-left:0px;--awb-flex-wrap:wrap;\" ><div class=\"fusion-builder-row fusion-row\"><div class=\"fusion-layout-column fusion_builder_column fusion-builder-column-6 fusion_builder_column_1_1 1_1 fusion-one-full fusion-column-first fusion-column-last\" style=\"--awb-bg-size:cover;\"><div class=\"fusion-column-wrapper fusion-column-has-shadow fusion-flex-column-wrapper-legacy\"><div class=\"fusion-title title fusion-title-2 fusion-title-center fusion-title-text fusion-title-size-two\" style=\"--awb-margin-top-small:0px;--awb-margin-right-small:0px;--awb-margin-bottom-small:20px;--awb-margin-left-small:0px;\"><div class=\"title-sep-container title-sep-container-left\"><div class=\"title-sep sep- sep-solid\" style=\"border-color:#e0dede;\"><\/div><\/div><span class=\"awb-title-spacer\"><\/span><h2 class=\"fusion-title-heading title-heading-center fusion-responsive-typography-calculated\" style=\"margin:0;--fontSize:26;line-height:1.69;\">Tourist offices<\/h2><span class=\"awb-title-spacer\"><\/span><div class=\"title-sep-container title-sep-container-right\"><div class=\"title-sep sep- sep-solid\" style=\"border-color:#e0dede;\"><\/div><\/div><\/div><div class=\"fusion-text fusion-text-3\"><p style=\"text-align: center;\">Find the sites of the various tourist offices nearby below:<\/p>\n<ul>\n<li style=\"text-align: left;\"><a href=\"https:\/\/www.saint-raphael.com\/fr\/\" target=\"_blank\" rel=\"noopener noreferrer\">Office de tourisme Saint-Rapha\u00ebl<\/a><\/li>\n<li style=\"text-align: left;\"><a href=\"https:\/\/frejus.fr\" target=\"_blank\" rel=\"noopener noreferrer\">Office de tourisme Fr\u00e9jus<\/a><\/li>\n<li style=\"text-align: left;\"><a href=\"https:\/\/www.cannes-destination.fr\" target=\"_blank\" rel=\"noopener\">Office de tourisme Cannes<\/a><\/li>\n<li style=\"text-align: left;\"><a href=\"https:\/\/www.sainttropeztourisme.com\/fr\/\" target=\"_blank\" rel=\"noopener\">Office de tourisme Saint-tropez<\/a><\/li>\n<\/ul>\n<p style=\"text-align: center;\">You can book activities in the region below :<\/p>\n<\/div><div class=\"fusion-clearfix\"><\/div><\/div><\/div><\/div><\/div><div class=\"fusion-fullwidth fullwidth-box fusion-builder-row-4 hundred-percent-fullwidth non-hundred-percent-height-scrolling\" style=\"--awb-border-radius-top-left:0px;--awb-border-radius-top-right:0px;--awb-border-radius-bottom-right:0px;--awb-border-radius-bottom-left:0px;--awb-flex-wrap:wrap;\" ><div class=\"fusion-builder-row fusion-row\"><div class=\"fusion-layout-column fusion_builder_column fusion-builder-column-7 fusion_builder_column_1_1 1_1 fusion-one-full fusion-column-first fusion-column-last\" style=\"--awb-bg-size:cover;\"><div class=\"fusion-column-wrapper fusion-flex-column-wrapper-legacy\"><div class=\"fusion-image-element fusion-image-align-center in-legacy-container\" style=\"text-align:center;--awb-caption-title-font-family:var(--h2_typography-font-family);--awb-caption-title-font-weight:var(--h2_typography-font-weight);--awb-caption-title-font-style:var(--h2_typography-font-style);--awb-caption-title-size:var(--h2_typography-font-size);--awb-caption-title-transform:var(--h2_typography-text-transform);--awb-caption-title-line-height:var(--h2_typography-line-height);--awb-caption-title-letter-spacing:var(--h2_typography-letter-spacing);\"><div class=\"imageframe-align-center\"><span class=\" fusion-imageframe imageframe-none imageframe-2 hover-type-none\"><img decoding=\"async\" width=\"370\" height=\"82\" alt=\"Activities and leisure in Saint-Rapha\u00ebl\" title=\"flowers_top\" src=\"https:\/\/www.villa-catleya.com\/wp-content\/uploads\/2015\/01\/flowers_top.png\" class=\"img-responsive wp-image-2254\"\/><\/span><\/div><\/div><div class=\"fusion-title title fusion-title-3 fusion-title-center fusion-title-text fusion-title-size-three\" style=\"--awb-margin-top-small:0px;--awb-margin-right-small:0px;--awb-margin-bottom-small:20px;--awb-margin-left-small:0px;\"><div class=\"title-sep-container title-sep-container-left\"><div class=\"title-sep sep- sep-solid\" style=\"border-color:#e0dede;\"><\/div><\/div><span class=\"awb-title-spacer\"><\/span><h3 class=\"fusion-title-heading title-heading-center fusion-responsive-typography-calculated\" style=\"margin:0;--fontSize:24;line-height:1.67;\"><p style=\"text-align: center;\">All the activities and the leisure in the region<\/p><\/h3><span class=\"awb-title-spacer\"><\/span><div class=\"title-sep-container title-sep-container-right\"><div class=\"title-sep sep- sep-solid\" style=\"border-color:#e0dede;\"><\/div><\/div><\/div><iframe id=\"regiondo\" src=\"\" width=\"100%\" height=\"400\" frameborder=\"0\" scrolling=\"auto\" data-location=\"automatic\" data-order=\"distance\" data-src=\"https:\/\/esterel-cotedazur-agent.regiondo.fr\/categories?frame=1&utm_medium=koop&subid=201904002\"><\/iframe>\r\n<script type=\"text\/javascript\" src=\"https:\/\/cdn.regiondo.net\/media\/resellers\/js\/11449\/11449_9.js\"><\/script><div class=\"fusion-video fusion-youtube fusion-aligncenter\" style=\"--awb-max-width:600px;--awb-max-height:360px;--awb-width:100%;\"><div class=\"video-shortcode\"><div class=\"fluid-width-video-wrapper\" style=\"padding-top:60%;\" ><iframe title=\"YouTube video player 1\" src=\"https:\/\/www.youtube.com\/embed\/IjAbNzPvZmE?wmode=transparent&autoplay=0\" width=\"600\" height=\"360\" allowfullscreen allow=\"autoplay; clipboard-write; encrypted-media; gyroscope; picture-in-picture;\"><\/iframe><\/div><\/div><\/div><div class=\"fusion-text fusion-text-4\"><p style=\"text-align: center;\">Video directed by our partner <a href=\"https:\/\/www.esterel-cotedazur.com\/\" target=\"_blank\" rel=\"noopener noreferrer\">Esterel C\u00f4te d&#8217;Azur<\/a>.<\/p>\n<\/div><div class=\"fusion-clearfix\"><\/div><\/div><\/div><div class=\"fusion-layout-column fusion_builder_column fusion-builder-column-8 fusion_builder_column_1_1 1_1 fusion-one-full fusion-column-first fusion-column-last\" style=\"--awb-bg-size:cover;\"><div class=\"fusion-column-wrapper fusion-column-has-shadow fusion-flex-column-wrapper-legacy\"><div class=\"fusion-clearfix\"><\/div><\/div><\/div><\/div><\/div><div class=\"fusion-fullwidth fullwidth-box fusion-builder-row-5 nonhundred-percent-fullwidth non-hundred-percent-height-scrolling\" style=\"--awb-border-radius-top-left:0px;--awb-border-radius-top-right:0px;--awb-border-radius-bottom-right:0px;--awb-border-radius-bottom-left:0px;--awb-flex-wrap:wrap;\" ><div class=\"fusion-builder-row fusion-row\"><div class=\"fusion-layout-column fusion_builder_column fusion-builder-column-9 fusion_builder_column_1_1 1_1 fusion-one-full fusion-column-first fusion-column-last\" style=\"--awb-bg-size:cover;\"><div class=\"fusion-column-wrapper fusion-flex-column-wrapper-legacy\"><div class=\"fusion-text fusion-text-5\"><p style=\"text-align: center;\">Saint-Rapha\u00ebl is a family seaside resort ideally located between Cannes and Saint-Tropez. The city is accessible by train, TGV or plane thanks to its SNCF station and nearby<span class=\"Apple-converted-space\">\u00a0 <\/span>airport in Nice (65 km away).<\/p>\n<p style=\"text-align: center;\">All summer long, Villa Catleya offers activities in Saint-Rapha\u00ebl and throughout the Esterel. You have a wide choice of sports or relaxing activities to choose from to satisfy all your desires. Whether your passion is water sports (jet skiing, boating, towed buoys, diving), aerial (paragliding, parachuting, first flight in a helicopter or plane) or mountain activities (hiking, mountain biking, buggy, horse riding), you will find here all the activities you need.<\/p>\n<p style=\"text-align: center;\">To book your stay in our hotel apartment in Saint-Rapha\u00ebl you will find our suites ==&gt; <a href=\"https:\/\/www.villa-catleya.com\/en\/our-suites\/\" target=\"_blank\" rel=\"noopener noreferrer\">here<\/a><span class=\"Apple-converted-space\">\u00a0<\/span><\/p>\n<\/div><div class=\"fusion-widget-area awb-widget-area-element fusion-widget-area-1 fusion-content-widget-area\" style=\"--awb-title-size:18px;--awb-title-color:#171717;--awb-padding:0px 0px 0px 0px;\"><style type=\"text\/css\" data-id=\"flickr-widget-2\">@media (max-width: 800px){#flickr-widget-2{text-align:initial !important;}}<\/style><div id=\"flickr-widget-2\" class=\"fusion-widget-mobile-align-initial fusion-widget-align-center widget flickr\" style=\"text-align: center;\">\t\t<div id=\"fusion-flickr-widget-2-images\"><\/div>\n\n\t\t\t\t\n\t\t\t<script type=\"text\/javascript\">\n\t\t\tfunction jsonFlickrApi( rsp ) {\n\t\t\t\tif ( rsp.stat != \"ok\" ) {\n\t\t\t\t\t\/\/ If this executes, something broke!\n\t\t\t\t\treturn;\n\t\t\t\t}\n\n\t\t\t\t\/\/variable \"s\" is going to contain\n\t\t\t\t\/\/all the markup that is generated by the loop below\n\t\t\t\tvar s = \"\";\n\n\t\t\t\t\/\/this loop runs through every item and creates HTML\n\t\t\t\tfor ( var i = 0; i < rsp.photos.photo.length; i++ ) {\n\t\t\t\t\tphoto = rsp.photos.photo[ i ];\n\n\t\t\t\t\t\/\/notice that \"t.jpg\" is where you change the\n\t\t\t\t\t\/\/size of the image\n\t\t\t\t\tt_url = \"\/\/farm\" + photo.farm +\n\t\t\t\t\t\".static.flickr.com\/\" + photo.server + \"\/\" +\n\t\t\t\t\tphoto.id + \"_\" + photo.secret + \"_\" + \"s.jpg\";\n\n\t\t\t\t\tp_url = \"\/\/www.flickr.com\/photos\/\" +\n\t\t\t\t\tphoto.owner + \"\/\" + photo.id;\n\n\t\t\t\t\ts +=  '<div class=\"flickr_badge_image\"><a href=\"' + p_url + '\">' + '<img alt=\"'+\n\t\t\t\t\tphoto.title + '\"src=\"' + t_url + '\"\/>' + '<\/a><\/div>';\n\t\t\t\t}\n\n\t\t\t\t$container = document.getElementById( 'fusion-flickr-widget-2-images' );\n\t\t\t\t$container.innerHTML = s;\n\t\t\t}\n\t\t\t<\/script>\n\n\t\t\t\t\t\t\t<script type=\"text\/javascript\" src=\"https:\/\/api.flickr.com\/services\/rest\/?format=json&amp;method=flickr.photos.search&amp;user_id=esterelcotedazur&amp;api_key=c9d2c2fda03a2ff487cb4769dc0781ea&amp;media=photos&amp;per_page=5&amp;privacy_filter=1\"><\/script>\n\t\t\t\t<script type=\"text\/javascript\" src=\"https:\/\/api.flickr.com\/services\/rest\/?format=json&amp;method=flickr.photos.search&amp;group_id=esterelcotedazur&amp;api_key=c9d2c2fda03a2ff487cb4769dc0781ea&amp;media=photos&amp;per_page=5&amp;privacy_filter=1\"><\/script>\n\t\t\t\t\t\t\n\t\t\t<\/div><div id=\"media_image-3\" class=\"widget widget_media_image\"><img decoding=\"async\" width=\"150\" height=\"134\" src=\"https:\/\/www.villa-catleya.com\/wp-content\/uploads\/2019\/01\/Logo-mobile-villa-catleya.png\" class=\"image wp-image-1953  attachment-full size-full\" alt=\"\" style=\"max-width: 100%; height: auto;\" \/><\/div><div id=\"contact_info-widget-3\" class=\"widget contact_info\"><div class=\"heading\"><h4 class=\"widget-title\">Appart h\u00f4tel \u00e0 Saint-Rapha\u00ebl<\/h4><\/div>\n\t\t<div class=\"contact-info-container\">\n\t\t\t\t\t\t\t<p class=\"address\">473 Boulevard Raymond Poincar\u00e9  83700 Saint-Rapha\u00ebl<\/p>\n\t\t\t\n\t\t\t\n\t\t\t\n\t\t\t\n\t\t\t\t\t\t\t\t\t\t\t\t<p class=\"email\">Email: <a href=\"mailto:&#114;e&#115;&#101;&#114;v&#97;&#116;i&#111;&#110;&#64;&#118;&#105;&#108;la&#45;&#99;&#97;&#116;&#108;&#101;y&#97;.&#99;o&#109;\">reservation@villa-catleya.com<\/a><\/p>\n\t\t\t\t\t\t\t\n\t\t\t\t\t\t\t<p class=\"web\">Web: <a href=\"http:\/\/www.villa-catleya.com\">Villa Catleya<\/a><\/p>\n\t\t\t\t\t<\/div>\n\t\t<\/div><div class=\"fusion-additional-widget-content\"><\/div><\/div><div class=\"fusion-text fusion-text-6\"><p style=\"text-align: center;\">Share your activities with the hastag#esterelcotedazur and you will be reposted!<\/p>\n<p style=\"text-align: center;\">All the leisure activities in Saint-Rapha\u00ebl have been tested by our partner <a href=\"https:\/\/www.esterel-cotedazur.com\/\" target=\"_blank\" rel=\"noopener noreferrer\">Esterel C\u00f4te d&#8217;Azur<\/a>.<\/p>\n<\/div><div class=\"fusion-clearfix\"><\/div><\/div><\/div><\/div><\/div><div class=\"fusion-fullwidth fullwidth-box fusion-builder-row-6 nonhundred-percent-fullwidth non-hundred-percent-height-scrolling\" style=\"--awb-border-radius-top-left:0px;--awb-border-radius-top-right:0px;--awb-border-radius-bottom-right:0px;--awb-border-radius-bottom-left:0px;--awb-flex-wrap:wrap;\" ><div class=\"fusion-builder-row fusion-row\"><div class=\"fusion-layout-column fusion_builder_column fusion-builder-column-10 fusion_builder_column_1_1 1_1 fusion-one-full fusion-column-first fusion-column-last\" style=\"--awb-bg-size:cover;\"><div class=\"fusion-column-wrapper fusion-column-has-shadow fusion-flex-column-wrapper-legacy\"><div class=\"fusion-text fusion-text-7\"><p><img decoding=\"async\" class=\"size-full wp-image-1963 aligncenter\" src=\"https:\/\/www.villa-catleya.com\/wp-content\/uploads\/2019\/01\/apple-icon-144x144.png\" alt=\"\" width=\"144\" height=\"144\" srcset=\"https:\/\/www.villa-catleya.com\/wp-content\/uploads\/2019\/01\/apple-icon-144x144-66x66.png 66w, https:\/\/www.villa-catleya.com\/wp-content\/uploads\/2019\/01\/apple-icon-144x144.png 144w\" sizes=\"(max-width: 144px) 100vw, 144px\" \/><\/p>\n<p style=\"text-align: center;\">For more information contact us <a href=\"https:\/\/www.villa-catleya.com\/en\/contact\/\" target=\"_blank\" rel=\"noopener noreferrer\">here<\/a><\/p>\n<\/div><div class=\"fusion-clearfix\"><\/div><\/div><\/div><\/div><\/div><\/p>\n","protected":false},"excerpt":{"rendered":"","protected":false},"author":1,"featured_media":0,"parent":0,"menu_order":0,"comment_status":"open","ping_status":"closed","template":"100-width.php","meta":{"_monsterinsights_skip_tracking":false,"_monsterinsights_sitenote_active":false,"_monsterinsights_sitenote_note":"","_monsterinsights_sitenote_category":0,"footnotes":""},"class_list":["post-2263","page","type-page","status-publish","hentry"],"_links":{"self":[{"href":"https:\/\/www.villa-catleya.com\/en\/wp-json\/wp\/v2\/pages\/2263","targetHints":{"allow":["GET"]}}],"collection":[{"href":"https:\/\/www.villa-catleya.com\/en\/wp-json\/wp\/v2\/pages"}],"about":[{"href":"https:\/\/www.villa-catleya.com\/en\/wp-json\/wp\/v2\/types\/page"}],"author":[{"embeddable":true,"href":"https:\/\/www.villa-catleya.com\/en\/wp-json\/wp\/v2\/users\/1"}],"replies":[{"embeddable":true,"href":"https:\/\/www.villa-catleya.com\/en\/wp-json\/wp\/v2\/comments?post=2263"}],"version-history":[{"count":3,"href":"https:\/\/www.villa-catleya.com\/en\/wp-json\/wp\/v2\/pages\/2263\/revisions"}],"predecessor-version":[{"id":2720,"href":"https:\/\/www.villa-catleya.com\/en\/wp-json\/wp\/v2\/pages\/2263\/revisions\/2720"}],"wp:attachment":[{"href":"https:\/\/www.villa-catleya.com\/en\/wp-json\/wp\/v2\/media?parent=2263"}],"curies":[{"name":"wp","href":"https:\/\/api.w.org\/{rel}","templated":true}]}}